{"id":946,"date":"2017-08-28T04:29:25","date_gmt":"2017-08-28T04:29:25","guid":{"rendered":"http:\/\/winelove.vn\/9xweb\/?post_type=product&#038;p=946"},"modified":"2022-11-01T07:50:45","modified_gmt":"2022-11-01T00:50:45","slug":"cantoalba-cabernet-sauvignon","status":"publish","type":"product","link":"http:\/\/winelove.vn\/9xweb\/?product=cantoalba-cabernet-sauvignon","title":{"rendered":"R\u01b0\u1ee3u Vang Chile Cantoalba Cabernet Sauvignon 5.4% ABV*"},"content":{"rendered":"<h2><strong>Gi\u1edbi thi\u1ec7u v\u1ec1 r\u01b0\u1ee3u vang Cantoalba Cabernet Sauvignon:<\/strong><\/h2>\n<p>R\u01b0\u1ee3u vang\u00a0Cantoalba Cabernet Sauvignon l\u00e0 m\u1ed9t chai r\u01b0\u1ee3u vang tuy\u1ec7t v\u1eddi \u0111\u1ebfn t\u1eeb c\u01b0\u1eddng qu\u1ed1c r\u01b0\u1ee3u vang Chile . L\u00e0 m\u1ed9t trong nh\u1eefng chai vang \u0111\u1ecf n\u1ed5i ti\u1ebfng nh\u1ea5t th\u1ebf gi\u1edbi, v\u1edbi nguy\u00ean li\u1ec7u ch\u00ednh \u0111\u01b0\u1ee3c l\u00e0m t\u1eeb gi\u1ed1ng nho Cabernet Sauvignon\u00a0 t\u1eeb v\u00f9ng Bordelais c\u1ee7a Bordeaux. \u0110\u00e2y l\u00e0 m\u1ed9t gi\u1ed1ng nho r\u1ea5t th\u01a1m ngon \u0111\u01b0\u1ee3c tr\u1ed3ng \u1edf nhi\u1ec1u v\u00f9ng tr\u00ean th\u1ebf gi\u1edbi, C\u00f3 c\u1ea3 \u1edf Vi\u1ec7t Nam. V\u1edbi n\u1ed3ng \u0111\u1ed9 c\u1ed3n 14% vol, Chai r\u01b0\u1ee3u n\u00e0y t\u01b0\u01a1ng \u0111\u1ed1i nh\u1eb9 nh\u00e0ng, d\u1ec5 u\u1ed1ng. N\u00f3 c\u00f3 v\u1ecb ng\u1ecdt v\u1eeba ph\u1ea3i t\u1ea1o cho ng\u01b0\u1eddi u\u1ed1ng c\u1ea3m gi\u00e1c v\u1eeba m\u1edbi m\u1ebb v\u1eeba \u1ea5m \u00e1p nh\u01b0 s\u1ef1 \u1ea5m c\u00fam c\u1ee7a t\u00ecnh c\u1ea3m gia \u0111\u00ecnh.<\/p>\n<p>R\u01b0\u1ee3u vang Ph\u00e1p Cantoalba Cabernet Sauvignon 2015 c\u00f3 m\u00e0u \u0111\u1ecf \u0111\u1eadm, h\u01b0\u01a1ng v\u1ecb tr\u00e1i c\u00e2y ch\u00edn \u0111\u1ecf v\u00e0 tr\u00e1i Cherry ch\u00edn m\u1ecdng, tho\u1ea3ng v\u1ecb cam th\u1ea3o. Khi nh\u1ea5p m\u1ed9t ng\u1ee5m s\u1ebd c\u1ea3m nh\u1eadn \u0111\u01b0\u1ee3c h\u01b0\u01a1ng v\u1ecb t\u01b0\u01a1i m\u00e1t xen l\u1eabn v\u1ecb tannin m\u1ec1m m\u01b0\u1ee3t. V\u1ecb ch\u00e1t c\u1ee7a v\u1ecf nho sau khi \u0111i qua cu\u1ed1ng h\u1ecdng s\u1ebd \u0111\u1ec3 l\u1ea1i d\u01b0 v\u1ecb khi\u1ebfn b\u1ea1n nh\u1edb m\u00e3i kh\u00f4ng qu\u00ean.<\/p>\n<p>&gt;&gt;&gt;&gt;&gt; T\u00ecm hi\u1ec3u th\u00eam v\u1ec1 <a href=\"http:\/\/winelove.vn\/9xweb\/ruou-vang-chile\/\">R\u01b0\u1ee3u Vang Chile<\/a><\/p>\n<h2><strong>Quy tr\u00ecnh s\u1ea3n xu\u1ea5t Cantoalba Cabernet Sauvignon:<\/strong><\/h2>\n<p>M\u00e0u c\u1ee7a r\u01b0\u1ee3u \u0111\u01b0\u1ee3c h\u00ecnh th\u00e0nh t\u1eeb v\u1ecf c\u1ee7a qu\u1ea3 nho, v\u1ecf v\u00e0 c\u00f9i nho \u0111\u01b0\u1ee3c l\u00ean men c\u00f9ng v\u1edbi n\u01b0\u1edbc nho. V\u1ecb ch\u00e1t t\u1eeb v\u1ecf c\u00e2y c\u0169ng \u0111\u01b0\u1ee3c k\u1ebft h\u1ee3p \u0111\u1ec3 t\u1ea1o th\u00e0nh m\u00e0u \u0111\u1ecf. Nho sau khi \u0111\u01b0\u1ee3c v\u1eaft v\u00e0 c\u1eaft cu\u1ed1ng s\u1ebd \u0111\u01b0\u1ee3c \u0111\u01b0a l\u00ean h\u1ec7 th\u1ed1ng l\u00ean men r\u1ed3i sau \u0111\u00f3 s\u1ebd \u0111\u01b0\u1ee3c \u00e9p. H\u01a1n m\u1ed9t n\u1eeda l\u01b0\u1ee3ng n\u01b0\u1edbc \u00e9p ra t\u1eeb qu\u1ea3 nho m\u1ed9t c\u00e1ch d\u1ec5 d\u00e0ng kh\u00f4ng c\u1ea7n \u0111\u1ebfn \u00e1p l\u1ef1c cao, ph\u1ea7n c\u00f2n l\u1ea1i s\u1ebd \u0111\u01b0\u1ee3c \u00e9p ra t\u1eeb h\u1ec7 th\u1ed1ng \u00e9p. \u0110\u1ec3 r\u01b0\u1ee3u \u0111\u1ea1t \u0111\u01b0\u1ee3c s\u1ef1 h\u00e0i h\u00f2a v\u00e0 \u1ed5n \u0111\u1ecbnh c\u1ee7a m\u00f9i v\u1ecb v\u00e0 ch\u1ea5t l\u01b0\u1ee3ng th\u00ec r\u01b0\u1ee3u ph\u1ea3i \u0111\u01b0\u1ee3c \u1ee7 nh\u1eb1m l\u00e0m cho kh\u00ed \u00f4xi t\u00e1c \u0111\u1ed9ng th\u1eadt ch\u1eadm, th\u01b0\u1eddng \u0111\u01b0\u1ee3c \u1ee7 trong kho\u1ea3ng 18-20 th\u00e1ng trong th\u00f9ng g\u1ed7 s\u1ed3i m\u1edbi tr\u01b0\u1edbc khi \u0111\u1ebfn tay ng\u01b0\u1eddi s\u1eed d\u1ee5ng.<\/p>\n<h2><strong>K\u1ebft h\u1ee3p \u0111\u1ed3 \u0103n:<\/strong><\/h2>\n<p>Th\u1ecbt b\u00f2, \u0111\u1ed3 n\u01b0\u1edbng, pizza, salad hay th\u1ecbt c\u1eebu \u0111\u1ec1u l\u00e0 nh\u1eefng m\u00f3n \u0103n ph\u00f9 h\u1ee3p \u0111\u1ec3 th\u01b0\u1edfng th\u1ee9c c\u00f9ng<\/p>\n<h2><strong>L\u01b0u \u00fd :<\/strong><\/h2>\n<p>Khi th\u01b0\u1edfng th\u1ee9c b\u1ea1n ph\u1ea3i decanter tr\u01b0\u1edbc 2 ti\u1ebfng v\u00e0 nhi\u1ec7t \u0111\u1ed9 kho\u1ea3ng 16-18 \u0111\u1ed9 C<\/p>\n<p>&gt;&gt;&gt;&gt;&gt; Xem th\u00eam <a href=\"http:\/\/winelove.vn\/9xweb\/danh-muc\/ruou-vang-chile\/\">c\u00e1c s\u1ea3n ph\u1ea9m vang Chile<\/a> kh\u00e1c<\/p>\n<p>&nbsp;<\/p>\n","protected":false},"excerpt":{"rendered":"<p><strong>Xu\u1ea5t x\u1ee9:\u00a0<\/strong>Vina La Ronciere Colchagua Valley<br \/>\n<strong>N\u1ed3ng \u0111\u1ed9:\u00a0<\/strong>14,0%<\/p>\n<p><strong>\u0110\u1eb7c \u0111i\u1ec3m:<\/strong>\u00a0R\u01b0\u1ee3u vang Ph\u00e1p Cantoalba Cabernet Sauvignon 2015 c\u00f3 m\u00e0u \u0111\u1ecf \u0111\u1eadm, h\u01b0\u01a1ng v\u1ecb tr\u00e1i c\u00e2y ch\u00edn \u0111\u1ecf v\u00e0 tr\u00e1i Cherry ch\u00edn m\u1ecdng, tho\u1ea3ng v\u1ecb cam th\u1ea3o. Khi nh\u1ea5p m\u1ed9t ng\u1ee5m s\u1ebd c\u1ea3m nh\u1eadn \u0111\u01b0\u1ee3c h\u01b0\u01a1ng v\u1ecb t\u01b0\u01a1i m\u00e1t xen l\u1eabn v\u1ecb tannin m\u1ec1m m\u01b0\u1ee3t. V\u1ecb ch\u00e1t c\u1ee7a v\u1ecf nho sau khi \u0111i qua cu\u1ed1ng h\u1ecdng s\u1ebd \u0111\u1ec3 l\u1ea1i d\u01b0 v\u1ecb khi\u1ebfn b\u1ea1n nh\u1edb m\u00e3i kh\u00f4ng qu\u00ean .<\/p>\n","protected":false},"featured_media":1801,"comment_status":"open","ping_status":"closed","template":"","meta":[],"class_list":{"0":"post-946","1":"product","2":"type-product","3":"status-publish","4":"has-post-thumbnail","6":"product_cat-ruou-vang-chile","7":"product_cat-ruou-vang-gia-re","9":"first","10":"instock","11":"shipping-taxable","12":"purchasable","13":"product-type-simple"},"_links":{"self":[{"href":"http:\/\/winelove.vn\/9xweb\/index.php?rest_route=\/wp\/v2\/product\/946"}],"collection":[{"href":"http:\/\/winelove.vn\/9xweb\/index.php?rest_route=\/wp\/v2\/product"}],"about":[{"href":"http:\/\/winelove.vn\/9xweb\/index.php?rest_route=\/wp\/v2\/types\/product"}],"replies":[{"embeddable":true,"href":"http:\/\/winelove.vn\/9xweb\/index.php?rest_route=%2Fwp%2Fv2%2Fcomments&post=946"}],"wp:featuredmedia":[{"embeddable":true,"href":"http:\/\/winelove.vn\/9xweb\/index.php?rest_route=\/wp\/v2\/media\/1801"}],"wp:attachment":[{"href":"http:\/\/winelove.vn\/9xweb\/index.php?rest_route=%2Fwp%2Fv2%2Fmedia&parent=946"}],"curies":[{"name":"wp","href":"https:\/\/api.w.org\/{rel}","templated":true}]}}