{"id":957,"date":"2017-08-28T09:33:54","date_gmt":"2017-08-28T09:33:54","guid":{"rendered":"http:\/\/winelove.vn\/9xweb\/?post_type=product&#038;p=957"},"modified":"2022-10-28T17:22:37","modified_gmt":"2022-10-28T10:22:37","slug":"sancerre-blanc","status":"publish","type":"product","link":"http:\/\/winelove.vn\/9xweb\/?product=sancerre-blanc","title":{"rendered":"R\u01b0\u1ee3u Vang Sancerre Blanc 5.4% ABV* &#8211; Vang Ph\u00e1p Tr\u1eafng Nh\u1eadp Kh\u1ea9u 100%"},"content":{"rendered":"<p><span style=\"font-family: arial, helvetica, sans-serif; font-size: 12pt;\">Trong s\u1ed1 nh\u1eefng chai r\u01b0\u1ee3u vang tr\u1eafng c\u1ee7a Ph\u00e1p, r\u01b0\u1ee3u vang Sancerre Blanc l\u00e0 m\u1ed9t chai r\u01b0\u1ee3u \u0111\u01b0\u1ee3c r\u1ea5t nhi\u1ec1u t\u00edn \u0111\u1ed3 r\u01b0\u1ee3u vang y\u00eau th\u00edch. V\u1edbi m\u00f9i h\u01b0\u01a1ng cu\u1ed3ng nhi\u1ec7t lo\u1ea1i vang n\u00e0y g\u1ee3i nh\u1edb \u0111\u1ebfn v\u1ecb ch\u00edn c\u1ee7a hoa qu\u1ea3 hay s\u1ef1 ng\u1ecdt ng\u00e0o c\u1ee7a tr\u00e1i d\u00e2u t\u00e2y, quy\u1ec7n v\u1edbi v\u1ecb kh\u00f3i m\u1ec1m, h\u01b0\u01a1ng h\u1ed3i v\u00e0 ch\u00fat m\u00f9i c\u1ee7a ch\u1ea5t kho\u00e1ng. Li\u00ean h\u1ec7\u00a0<strong><span style=\"color: #800000;\">hotline: 098.221.6068<\/span>\u00a0<\/strong>\u0111\u1ec3 \u0111\u01b0\u1ee3c\u00a0<strong><span style=\"color: #ff6600;\"><a style=\"color: #ff6600;\" href=\"http:\/\/winelove.vn\/9xweb\/\">Winestore1977<\/a><\/span>\u00a0<\/strong>t\u01b0 v\u1ea5n v\u00e0 b\u00e1o gi\u00e1 r\u01b0\u1ee3u vang.<\/span><\/p>\n<p>&nbsp;<\/p>\n<h2><span style=\"font-family: arial, helvetica, sans-serif; font-size: 18pt; color: #800000;\"><strong>Gi\u1edbi thi\u1ec7u r\u01b0\u1ee3u vang Sancerre Blanc:<\/strong><\/span><\/h2>\n<p><span style=\"font-family: arial, helvetica, sans-serif; font-size: 12pt;\">R\u01b0\u1ee3u vang Sancerre Blanc l\u00e0 m\u1ed9t trong s\u1ed1 r\u1ea5t \u00edt nh\u1eefng chai r\u01b0\u1ee3u vang tr\u1eafng c\u00f3 s\u1ed1 l\u01b0\u1ee3ng nh\u1eefng ng\u01b0\u1eddi y\u00eau th\u00edch \u0111\u00f4ng \u0111\u1ea3o nh\u1ea5t,l\u00e0 nh\u1eefng t\u00edn \u0111\u1ed3 r\u01b0\u1ee3u vang tr\u00ean kh\u1eafp th\u1ebf gi\u1edbi. M\u00f9i h\u01b0\u01a1ng cu\u1ed3ng nhi\u1ec7t c\u1ee7a d\u00f2ng vang n\u00e0y g\u1ee3i nh\u1edb \u0111\u1ebfn v\u1ecb ch\u00edn c\u1ee7a hoa qu\u1ea3 hay s\u1ef1 ng\u1ecdt ng\u00e0o c\u1ee7a tr\u00e1i d\u00e2u t\u00e2y, quy\u1ec7n v\u1edbi v\u1ecb kh\u00f3i m\u1ec1m, h\u01b0\u01a1ng h\u1ed3i v\u00e0 ch\u00fat m\u00f9i c\u1ee7a ch\u1ea5t kho\u00e1ng. H\u01b0\u01a1ng v\u1ecb tr\u00f2n tr\u1ecba, c\u00e2n b\u1eb1ng, thanh l\u1ecbch, \u1ea5n t\u01b0\u1ee3ng c\u1ee7a h\u1eadu v\u1ecb k\u00e9o d\u00e0i kh\u00f4ng d\u1ee9t. V\u1ecb chua h\u00e0i ho\u00e0, \u0111\u00e2y l\u00e0 d\u00f2ng vang tr\u1eafng \u0111\u1eadm \u0111\u00e0 h\u01b0\u01a1ng v\u1ecb tr\u00e1i c\u00e2y. H\u01b0\u01a1ng th\u01a1m c\u1ee7a m\u1ee9t tr\u00e1i c\u00e2y \u0111\u1ecdng l\u1ea1i trong v\u00f2m h\u1ecdng sau khi b\u1ea1n k\u1ebft th\u00fac ng\u1ee5m r\u01b0\u1ee3u vang, m\u00e0u v\u00e0ng tr\u1eafng sang tr\u1ecdng, tinh t\u1ebf ph\u00f9 h\u1ee3p d\u00f9ng \u0111\u1ec3 khai v\u1ecb ho\u1eb7c tr\u00e1ng mi\u1ec7ng trong nh\u1eefng b\u1eefa ti\u1ec7c sang tr\u1ecdng.<\/span><\/p>\n<p>&nbsp;<\/p>\n<h2><span style=\"font-family: arial, helvetica, sans-serif; font-size: 18pt; color: #800000;\">V\u1ec1 \u0111\u1eb7c \u0111i\u1ec3m r\u01b0\u1ee3u vang Ph\u00e1p Sancerre Blanc:<\/span><\/h2>\n<p><span style=\"font-family: arial, helvetica, sans-serif; font-size: 12pt;\">R\u01b0\u1ee3u vang tr\u1eafng tinh t\u1ebf v\u00e0 thanh l\u1ecbch Sancerre Blanc \u0111\u01b0\u1ee3c l\u00e0m t\u1eeb 100% gi\u1ed1ng nho n\u1ed5i ti\u1ebfng Sauvignon. Sauvignon l\u00e0 m\u1ed9t trong nh\u1eefng gi\u1ed1ng nho \u0111\u1ecf v\u1edbi h\u01b0\u01a1ng v\u1ecb v\u00e0 c\u1ea5u tr\u00fac kh\u00e1 ph\u1ee9c t\u1ea1p nh\u1ea5t. V\u00ed d\u1ee5 nh\u01b0 v\u1ecb D\u00e2u \u0111en, Cherry den, L\u00fd \u0111en, \u2026 h\u01b0\u01a1ng Ti\u00eau \u0111en, hoa violet v\u00e0 X\u00ec g\u00e0, vanilla. N\u00f3 c\u00f3 v\u1ecb cay v\u00e0 v\u1ecb ch\u00e1t th\u01b0\u1eddng \u0111\u01b0\u1ee3c m\u00f4 t\u1ea3 l\u00e0 gi\u1ed1ng v\u1edbi v\u1ecb x\u00ec g\u00e0 v\u00e0 ti\u00eau \u0111en. Gi\u1ed1ng nho n\u00e0y c\u00f3 kh\u1ea3 n\u0103ng th\u00edch \u1ee9ng tuy\u1ec7t v\u1eddi v\u1edbi c\u00e1c \u0111i\u1ec1u \u0111i\u1ec7n th\u1ed5 nh\u01b0\u1ee1ng v\u00e0 th\u1eddi ti\u1ebft kh\u00e1c nhau.<\/span><\/p>\n<p><span style=\"font-family: arial, helvetica, sans-serif; font-size: 12pt;\">C\u00f3 kh\u1ea3 n\u0103ng k\u1ebft h\u1ee3p c\u00f9ng v\u1edbi r\u1ea5t nhi\u1ec1u gi\u1ed1ng nho kh\u00e1c d\u1ec5 d\u00e0ng n\u00ean Sauvignon \u0111\u01b0\u1ee3c s\u1eed d\u1ee5ng th\u01b0\u1eddng xuy\u00ean trong c\u00e1c chai vang pha tr\u1ed9n (blend). Gi\u1ed1ng nho n\u00e0y l\u00e0m cho r\u01b0\u1ee3u vang Sancerre Blanc c\u00f3 m\u00f9i h\u01b0\u01a1ng cu\u1ed3ng nhi\u1ec7t, m\u00f9i h\u01b0\u01a1ng hoa qu\u1ea3 ng\u1ecdt ng\u00e0o, ch\u00edn m\u1ecdng c\u1ee7a tr\u00e1i d\u00e2u t\u00e2y thu\u1ed9c v\u00f9ng th\u1ed5 nh\u01b0\u1ee1ng r\u1ea5t t\u1ed1t, quy\u1ec7n v\u1edbi h\u01b0\u01a1ng h\u1ed3i, v\u1ecb kh\u00f3i v\u00e0 ch\u00fat m\u00f9i c\u1ee7a ch\u1ea5t kho\u00e1ng, h\u01b0\u01a1ng c\u00e2n b\u1eb1ng, thanh l\u1ecbch ,v\u1ecb tr\u00f2n tr\u1ecba, \u1ea5n t\u01b0\u1ee3ng c\u1ee7a r\u01b0\u1ee3u l\u00e0 h\u1eadu v\u1ecb k\u00e9o d\u00e0i v\u00e0 c\u00f3 v\u1ecb chua h\u00e0i h\u00f2a.<\/span><\/p>\n<p><span style=\"font-family: arial, helvetica, sans-serif; font-size: 12pt;\">Trong nh\u1eefng \u0111\u00eam ti\u1ec7c n\u00f3 n\u1ed5i m\u1eadt v\u1edbi m\u00e0u s\u1eafc v\u00e0ng r\u01a1m trong su\u1ed1t xen l\u1eabn s\u1eafc \u00e1nh xanh l\u1ea5p l\u00e1nh . Khi \u0111\u01b0\u1ee3c ng\u00e2m l\u1ea1nh \u0111\u1ec3 u\u1ed1ng th\u00ec n\u00f3 c\u00f2n c\u00f3 v\u1ebb h\u01a1i s\u1ee7i b\u1ecdt l\u0103n t\u0103n kh\u00e1 nh\u1eb9 nh\u00e0ng nh\u01b0 l\u00e0 s\u00e2m panh. \u0110\u1ed9 c\u1ed3n c\u1ee7a n\u00f3 l\u00e0 13%, m\u1ed9t n\u1ed3ng \u0111\u1ed9 kh\u00e1 nh\u1eb9, \u0111\u00e2y l\u00e0 m\u1ee9c \u0111\u1ed9 ph\u00f9 h\u1ee3p v\u1edbi nhi\u1ec1u \u0111\u1ed1i t\u01b0\u1ee3ng s\u1eed d\u1ee5ng k\u1ec3 ng\u01b0\u1eddi c\u00f3 tu\u1ed5i v\u00e0 ph\u1ee5 n\u1eef . Chai r\u01b0\u1ee3u n\u00e0y r\u1ea5t ph\u00f9 h\u1ee3p v\u1edbi nh\u1eefng b\u1eefa c\u01a1m gia \u0111\u00ecnh \u0111\u01a1n gi\u1ea3n, \u1ea5m c\u00fam ho\u1eb7c nh\u1eefng b\u1eefa ti\u1ec7c nh\u1ecf.<\/span><\/p>\n<p>&nbsp;<\/p>\n<h2><span style=\"font-family: arial, helvetica, sans-serif; font-size: 18pt; color: #800000;\">Quy tr\u00ecnh s\u1ea3n xu\u1ea5t r\u01b0\u1ee3u vang Sancerre Blanc:<\/span><\/h2>\n<p><span style=\"font-family: arial, helvetica, sans-serif; font-size: 12pt;\">C\u00e1c lo\u1ea1i hoa qu\u1ea3 th\u01a1m ngon c\u1ee7a\u00a0 Ph\u00e1p \u00a0sau khi thu ho\u1ea1ch b\u1eb1ng tay m\u1ed9t c\u00e1ch c\u1ea9n th\u1eadn \u00e9p l\u1ea5y n\u01b0\u1edbc, qu\u00e1 tr\u00ecnh l\u00ean men di\u1ec5n ra v\u1edbi nhi\u1ec7t \u0111\u1ed9 \u0111\u01b0\u1ee3c ki\u1ec3m so\u00e1t ch\u1eb7t ch\u1ebd.\u00a0 R\u01b0\u1ee3u vang Sancerre Blanc \u0111\u01b0\u1ee3c l\u00e3o h\u00f3a trong th\u00f9ng g\u1ed7 s\u1ed3i l\u1edbn \u00edt nh\u1ea5t 6 th\u00e1ng, sau \u0111\u00f3 chuy\u1ec3n sang c\u00e1c th\u00f9ng th\u00e9p kh\u00f4ng g\u1ec9. C\u00e1c ho\u1ea1t \u0111\u1ed9ng ph\u00e2n t\u00edch, ki\u1ec3m so\u00e1t \u0111\u01b0\u1ee3c ti\u1ebfn h\u00e0nh \u0111\u1ec1u \u0111\u1eb7n nh\u1ea5t \u0111\u1ec3 \u0111\u1ea3m b\u1ea3o ch\u1ea5t l\u01b0\u1ee3ng r\u01b0\u1ee3u vang ngon v\u00e0 \u0111\u1ed3ng \u0111\u1ec1u.<\/span><\/p>\n<p><span style=\"font-family: arial, helvetica, sans-serif; font-size: 12pt;\"><strong>L\u01b0u \u00fd:<\/strong> B\u1ea1n n\u00ean th\u01b0\u1edfng th\u1ee9c r\u01b0\u1ee3u vang n\u00e0y \u1edf nhi\u1ec7t \u0111\u1ed9 18-20 \u0111\u1ed9 C<\/span><br \/>\n<span style=\"font-family: arial, helvetica, sans-serif; font-size: 12pt;\"><strong>G\u1ee3i \u00fd m\u00f3n \u0103n k\u1ebft h\u1ee3p:<\/strong> Do <span style=\"color: #ff6600;\"><a style=\"color: #ff6600;\" href=\"http:\/\/winelove.vn\/9xweb\/danh-muc\/ruou-vang-phap\/\">r\u01b0\u1ee3u vang Ph\u00e1p<\/a><\/span> Sauvignon Blanc c\u00f3 h\u01b0\u01a1ng th\u1ea3o m\u1ed9c n\u00ean khi k\u1ebft h\u1ee3p r\u1ea5t t\u1ed1t v\u1edbi c\u00e1c lo\u1ea1i th\u1ea3o m\u1ed9c kh\u00e1c trong m\u00f3n \u0103n s\u1ebd r\u1ea5t tuy\u1ec7t v\u1eddi. Ch\u1eb3ng h\u1ea1n nh\u01b0 th\u1ee9c \u0103n c\u00f3 h\u01b0\u01a1ng th\u01a1m rau m\u00f9i t\u00e2y, h\u00fang qu\u1ebf, rau m\u00f9i, th\u1ea3o m\u1ed9c, ho\u1eb7c b\u1ea1c h\u00e0. Th\u00eam v\u00e0o \u0111\u00f3 l\u00e0 nh\u1eefng th\u1ee9c \u0103n c\u00f3 m\u00e0u tr\u1eafng bao g\u1ed3m g\u00e0, th\u1ecbt l\u1ee3n v\u00e0 ph\u00f9 h\u1ee3p v\u1edbi h\u1ea3i s\u1ea3n \u0103n hay \u0111\u1ed3 \u0103n t\u01b0\u01a1i s\u1ed1ng ki\u1ec3u Nh\u1eadt bao g\u1ed3m c\u00e1 r\u00f4 phi, c\u00e1 basa, c\u00e1 ng\u1eeb, c\u00e1 c\u01a1m, c\u00e1 h\u1ed3ng, c\u00e1 h\u1ed3i, c\u00e1 h\u1ed3i, c\u00e1 tuy\u1ebft c\u00e1 v\u00e2y ng\u1eafn&#8230; Chai vang n\u00e0y ch\u00ednh l\u00e0 m\u1ed9t \u00fd t\u01b0\u1edfng tuy\u1ec7t v\u1eddi d\u00e0nh cho b\u1ea1n<\/span><\/p>\n<p>&nbsp;<\/p>\n","protected":false},"excerpt":{"rendered":"<p><span style=\"color: #000000;\"><em>Sauvignon Blanc<\/em><\/span><\/p>\n<p><span style=\"color: #000000;\"><strong>Xu\u1ea5t x\u1ee9:<\/strong><\/span><br \/>\n<span style=\"color: #000000;\"><strong>N\u1ed3ng \u0111\u1ed9:<\/strong> 13%<\/span><\/p>\n<p><strong>\u0110\u1eb7c \u0111i\u1ec3m :<\/strong> R\u01b0\u1ee3u vang tr\u1eafng\u00a0 Sancerre Blanc l\u00e0 m\u1ed9t chai r\u01b0\u1ee3u vang ng\u1ecdt ng\u00e0o, v\u00f4 c\u00f9ng m\u1ec1m m\u01b0\u1ee3t v\u00e0 d\u1ec5 u\u1ed1ng. Gi\u1ed1ng nho Sauvignon Blanc \u0111em \u0111\u1ebfn cho chai r\u01b0\u1ee3u n\u00e0y h\u01b0\u01a1ng v\u1ecb th\u1eadt ng\u1ecdt ng\u00e0o v\u00e0 l\u00f4i cu\u1ed1n, d\u1ec5 khi\u1ebfn cho ng\u01b0\u1eddi th\u01b0\u1edfng th\u1ee9c ph\u1ea3i l\u00f2ng ngay t\u1eeb l\u1ea7n nh\u1ea5p m\u00f4i \u0111\u1ea7u ti\u00ean . Trong nh\u1eefng \u0111\u00eam ti\u1ec7c n\u00f3 n\u1ed5i m\u1eadt v\u1edbi m\u00e0u s\u1eafc v\u00e0ng r\u01a1m trong su\u1ed1t xen l\u1eabn s\u1eafc \u00e1nh xanh l\u1ea5p l\u00e1nh . Khi \u0111\u01b0\u1ee3c ng\u00e2m l\u1ea1nh \u0111\u1ec3 u\u1ed1ng th\u00ec ch\u00fang c\u00f2n c\u00f3 v\u1ebb h\u01a1i s\u1ee7i b\u1ecdt l\u0103n t\u0103n nh\u1eb9 nh\u00e0ng nh\u01b0 l\u00e0 s\u00e2m panh.<\/p>\n","protected":false},"featured_media":1798,"comment_status":"open","ping_status":"closed","template":"","meta":[],"class_list":{"0":"post-957","1":"product","2":"type-product","3":"status-publish","4":"has-post-thumbnail","6":"product_cat-ruou-vang-gia-re","7":"product_cat-ruou-vang-phap","9":"first","10":"instock","11":"shipping-taxable","12":"purchasable","13":"product-type-simple"},"_links":{"self":[{"href":"http:\/\/winelove.vn\/9xweb\/index.php?rest_route=\/wp\/v2\/product\/957"}],"collection":[{"href":"http:\/\/winelove.vn\/9xweb\/index.php?rest_route=\/wp\/v2\/product"}],"about":[{"href":"http:\/\/winelove.vn\/9xweb\/index.php?rest_route=\/wp\/v2\/types\/product"}],"replies":[{"embeddable":true,"href":"http:\/\/winelove.vn\/9xweb\/index.php?rest_route=%2Fwp%2Fv2%2Fcomments&post=957"}],"wp:featuredmedia":[{"embeddable":true,"href":"http:\/\/winelove.vn\/9xweb\/index.php?rest_route=\/wp\/v2\/media\/1798"}],"wp:attachment":[{"href":"http:\/\/winelove.vn\/9xweb\/index.php?rest_route=%2Fwp%2Fv2%2Fmedia&parent=957"}],"curies":[{"name":"wp","href":"https:\/\/api.w.org\/{rel}","templated":true}]}}